{"id":175,"date":"2025-12-20T11:54:56","date_gmt":"2025-12-20T11:54:56","guid":{"rendered":"https:\/\/www.kontor-assistancen.dk\/?page_id=175"},"modified":"2025-12-20T12:39:23","modified_gmt":"2025-12-20T12:39:23","slug":"kontorassistancen","status":"publish","type":"page","link":"https:\/\/www.kontor-assistancen.dk\/","title":{"rendered":"Kontorassistancen"},"content":{"rendered":"<section class=\"bde-section-175-100 bde-section\">\n  \n  \n\t\n\n\n\n<div class=\"section-container\"><div class=\"bde-div-175-101 bde-div\">\n  \n  \n\t\n\n\n\n<h1 class=\"bde-dual-heading-175-109 bde-dual-heading\">\n\n\n            <span data-style=\"primary\" class=\"dual-heading--primary  \">KONTOR<\/span>\n\n            <span data-style=\"secondary\" class=\"dual-heading--secondary  \">assistancen<\/span>\n\n\n\n<\/h1><div class=\"bde-columns-175-102 bde-columns\"><div class=\"bde-column-175-103 bde-column\">\n  \n  \n\t\n\n\n\n<h1 class=\"bde-heading-175-106 bde-heading\">\nTr\u00e6t af \"kedelige\" administrative opgaver?<br>\n<\/h1><div class=\"bde-text-175-107 bde-text\">\nAdministrative opgaver kan hurtigt vokse sig store og uoverskuelige og tage fokus v\u00e6k fra det, der skaber v\u00e6rdi i din forretning. Manglende overblik kan betyde, at fakturaer ikke bliver sendt til tiden, og at betalinger tr\u00e6kker ud. Samtidig kan forsinket h\u00e5ndtering af kreditorregninger f\u00f8re til un\u00f8dvendige renter og gebyrer, som belaster \u00f8konomien. Med den rette administrative st\u00f8tte skabes der struktur, overblik og ro, s\u00e5 hverdagen bliver mere effektiv, og \u00f8konomien holdes p\u00e5 rette spor.\n<\/div>\n<\/div><div class=\"bde-column-175-104 bde-column\">\n  \n  \n\t\n\n\n\n<img decoding=\"async\" class=\"bde-image2-175-108 bde-image2\" src=\"https:\/\/www.kontor-assistancen.dk\/wp-content\/uploads\/2025\/12\/iStock-1589097590.jpg\" loading=\"lazy\" srcset=\"https:\/\/www.kontor-assistancen.dk\/wp-content\/uploads\/2025\/12\/iStock-1589097590.jpg 2121w, https:\/\/www.kontor-assistancen.dk\/wp-content\/uploads\/2025\/12\/iStock-1589097590-300x200.jpg 300w, https:\/\/www.kontor-assistancen.dk\/wp-content\/uploads\/2025\/12\/iStock-1589097590-1024x683.jpg 1024w, https:\/\/www.kontor-assistancen.dk\/wp-content\/uploads\/2025\/12\/iStock-1589097590-768x512.jpg 768w, https:\/\/www.kontor-assistancen.dk\/wp-content\/uploads\/2025\/12\/iStock-1589097590-1536x1024.jpg 1536w, https:\/\/www.kontor-assistancen.dk\/wp-content\/uploads\/2025\/12\/iStock-1589097590-2048x1365.jpg 2048w\" sizes=\"(max-width: 2121px) 100vw, 2121px\">\n<\/div><\/div><div class=\"bde-div-175-112 bde-div\">\n  \n  \n\t\n\n\n\n<div class=\"bde-icon-list-175-111 bde-icon-list\">\n<ul>\n  \n              \n    <li>\n              <div class='bde-icon-list__item-wrapper'>\n      \n      <span class='bde-icon-list__icon'>\n        <svg xmlns=\"http:\/\/www.w3.org\/2000\/svg\" xmlns:xlink=\"http:\/\/www.w3.org\/1999\/xlink\" xmlns:serif=\"http:\/\/www.serif.com\/\" width=\"100%\" height=\"100%\" viewBox=\"0 0 157 184\" version=\"1.1\" xml:space=\"preserve\" style=\"fill-rule:evenodd;clip-rule:evenodd;stroke-linecap:round;stroke-linejoin:round;stroke-miterlimit:2;\">\r\n    <g transform=\"matrix(0.948925,0,0,0.948925,-768.49385,-1285.12176)\">\r\n        <path d=\"M859.115,1511.32L811.965,1511.32L811.965,1356.4L911.683,1356.4L947.961,1392.58L947.961,1453.46\" style=\"fill:none;stroke:rgb(43,43,43);stroke-width:4.22px;\"\/>\r\n    <\/g>\r\n    <g transform=\"matrix(0.948925,0,0,0.948925,-768.49385,-1285.12176)\">\r\n        <path d=\"M947.965,1393.18L911.209,1393.18L911.209,1356.4\" style=\"fill:none;stroke:rgb(43,43,43);stroke-width:4.22px;\"\/>\r\n    <\/g>\r\n    <g transform=\"matrix(0.948925,0,0,0.948925,-768.49385,-1285.12176)\">\r\n        <path d=\"M910.808,1493.5L902.965,1479.92C900.774,1476.12 902.065,1471.27 905.852,1469.07C909.656,1466.85 914.536,1468.15 916.738,1471.96L918.906,1475.72\" style=\"fill:none;stroke:rgb(43,43,43);stroke-width:4.22px;\"\/>\r\n    <\/g>\r\n    <g transform=\"matrix(0.948925,0,0,0.948925,-768.49385,-1285.12176)\">\r\n        <path d=\"M924.581,1485.55L919.26,1476.33C917.067,1472.54 918.364,1467.68 922.158,1465.48C925.962,1463.27 930.835,1464.57 933.033,1468.38L938.354,1477.6\" style=\"fill:none;stroke:rgb(43,43,43);stroke-width:4.22px;\"\/>\r\n    <\/g>\r\n    <g transform=\"matrix(0.948925,0,0,0.948925,-768.49385,-1285.12176)\">\r\n        <path d=\"M935.675,1472.96C933.926,1469.93 934.964,1466.05 937.994,1464.3L938.052,1464.27C942.638,1461.68 948.455,1463.26 951.095,1467.82C951.095,1467.82 961.889,1486.67 967.945,1497.25C970.934,1502.47 972.56,1508.36 972.607,1514.37C972.607,1514.43 972.608,1514.48 972.608,1514.54C972.645,1521.15 969.132,1527.27 963.405,1530.58C958.983,1533.13 950.321,1538.13 942.655,1542.56C935.617,1546.62 927.035,1546.93 919.703,1543.42C914.371,1540.87 909.658,1537.87 905.621,1535.62C896.548,1530.56 889.584,1526.49 879.142,1525.19C875.873,1524.78 873.056,1522.72 872.092,1519.57C870.728,1515.12 873.26,1511.03 877.607,1509.36C888.353,1505.23 902.659,1512.64 902.659,1512.64L877.767,1469.53C875.454,1465.52 876.859,1460.37 880.925,1458.11C884.935,1455.88 890.026,1457.5 892.322,1461.48L902.967,1479.91\" style=\"fill:none;stroke:rgb(43,43,43);stroke-width:4.22px;\"\/>\r\n    <\/g>\r\n    <g transform=\"matrix(0.948925,0,0,0.948925,-768.49385,-1285.12176)\">\r\n        <path d=\"M865.632,1415.45L912.712,1415.45\" style=\"fill:none;stroke:rgb(43,43,43);stroke-width:4.22px;\"\/>\r\n    <\/g>\r\n    <g transform=\"matrix(0.948925,0,0,0.948925,-768.49385,-1285.12176)\">\r\n        <path d=\"M840.498,1415.52L846.508,1421.53L855.952,1409.38\" style=\"fill:none;stroke:rgb(43,43,43);stroke-width:4.22px;\"\/>\r\n    <\/g>\r\n    <g transform=\"matrix(0.948925,0,0,0.948925,-768.49385,-1285.12176)\">\r\n        <path d=\"M865.632,1439.31L912.712,1439.31\" style=\"fill:none;stroke:rgb(43,43,43);stroke-width:4.22px;\"\/>\r\n    <\/g>\r\n    <g transform=\"matrix(0.948925,0,0,0.948925,-768.49385,-1285.12176)\">\r\n        <path d=\"M840.498,1439.37L846.508,1445.38L855.952,1433.24\" style=\"fill:none;stroke:rgb(43,43,43);stroke-width:4.22px;\"\/>\r\n    <\/g>\r\n    <g transform=\"matrix(0.948925,0,0,0.948925,-768.49385,-1285.12176)\">\r\n        <path d=\"M840.498,1463.23L846.508,1469.24L855.952,1457.09\" style=\"fill:none;stroke:rgb(43,43,43);stroke-width:4.22px;\"\/>\r\n    <\/g>\r\n<\/svg>\n      <\/span>\n      <span class='bde-icon-list__text' >\n      Daglig bogf\u00f8ring\n      <\/span>\n              <\/div>\n      \n    <\/li>\n\n  \n              \n    <li>\n              <div class='bde-icon-list__item-wrapper'>\n      \n      <span class='bde-icon-list__icon'>\n        <svg xmlns=\"http:\/\/www.w3.org\/2000\/svg\" xmlns:xlink=\"http:\/\/www.w3.org\/1999\/xlink\" xmlns:serif=\"http:\/\/www.serif.com\/\" width=\"100%\" height=\"100%\" viewBox=\"0 0 135 128\" version=\"1.1\" xml:space=\"preserve\" style=\"fill-rule:evenodd;clip-rule:evenodd;stroke-linecap:round;stroke-linejoin:round;stroke-miterlimit:2;\"><path d=\"M33.162,29.918l0,-17.508c0,-6.028 4.882,-10.91 10.91,-10.91l77.817,0c6.028,0 10.91,4.882 10.91,10.91l0,67.447c0,6.021 -4.882,10.91 -10.91,10.91l-9.971,0l-25.429,20.177l0,-20.177l-11.679,0\" style=\"fill:none;stroke:#2b2b2b;stroke-width:3px;\"\/><path d=\"M15.662,48.448c0,7.488 5.622,13.559 12.554,13.559c6.925,0 12.547,-6.071 12.547,-13.559c0,-7.489 -5.622,-13.559 -12.547,-13.559c-6.932,0 -12.554,6.07 -12.554,13.559Z\" style=\"fill:none;stroke:#2b2b2b;stroke-width:3px;\"\/><path d=\"M29.113,111.23l-7.48,0c-3.886,0 -7.515,-1.981 -9.629,-5.246l-8.042,-12.464c-6.548,-10.142 0.733,-23.5 12.803,-23.5l20.824,0c4.825,0 9.444,1.915 12.853,5.326l9.608,9.606\" style=\"fill:none;stroke:#2b2b2b;stroke-width:3px;\"\/><path d=\"M15.157,85.111l7.679,12.472l13.721,0\" style=\"fill:none;stroke:#2b2b2b;stroke-width:3px;\"\/><path d=\"M55.367,101.487l-2.633,4.768c-1.238,2.233 0.377,4.973 2.925,4.973l4.099,0c2.021,0 3.886,-1.1 4.868,-2.872l1.253,-2.259c1.573,-2.846 -0.484,-6.338 -3.736,-6.338l-3.843,0c-1.217,0 -2.341,0.662 -2.932,1.728Z\" style=\"fill:none;stroke:#2b2b2b;stroke-width:3px;\"\/><path d=\"M15.619,109.91l0,16.497\" style=\"fill:none;stroke:#2b2b2b;stroke-width:3px;\"\/><path d=\"M47.339,118.253l0,8.154\" style=\"fill:none;stroke:#2b2b2b;stroke-width:3px;\"\/><path d=\"M63.424,99.76l7.594,-13.923l-28.055,0l-17.408,31.923l28.055,0l3.558,-6.53\" style=\"fill:none;stroke:#2b2b2b;stroke-width:3px;\"\/><path d=\"M74.398,26.114l36.844,0\" style=\"fill:none;stroke:#2b2b2b;stroke-width:3px;\"\/><path d=\"M54.727,26.162l4.704,4.716l7.387,-9.529\" style=\"fill:none;stroke:#2b2b2b;stroke-width:3px;\"\/><path d=\"M74.398,44.835l36.844,0\" style=\"fill:none;stroke:#2b2b2b;stroke-width:3px;\"\/><path d=\"M54.727,44.883l4.704,4.716l7.387,-9.53\" style=\"fill:none;stroke:#2b2b2b;stroke-width:3px;\"\/><path d=\"M111.242,63.558l-36.844,0\" style=\"fill:none;stroke:#2b2b2b;stroke-width:3px;\"\/><path d=\"M54.727,63.605l4.704,4.716l7.387,-9.53\" style=\"fill:none;stroke:#2b2b2b;stroke-width:3px;\"\/><\/svg>\n      <\/span>\n      <span class='bde-icon-list__text' >\n      Debitor registrering\n      <\/span>\n              <\/div>\n      \n    <\/li>\n\n  \n              \n    <li>\n              <div class='bde-icon-list__item-wrapper'>\n      \n      <span class='bde-icon-list__icon'>\n        <svg xmlns=\"http:\/\/www.w3.org\/2000\/svg\" xmlns:xlink=\"http:\/\/www.w3.org\/1999\/xlink\" xmlns:serif=\"http:\/\/www.serif.com\/\" width=\"100%\" height=\"100%\" viewBox=\"0 0 126 132\" version=\"1.1\" xml:space=\"preserve\" style=\"fill-rule:evenodd;clip-rule:evenodd;stroke-linecap:round;stroke-linejoin:round;stroke-miterlimit:2;\"><path d=\"M35.989,66.647l-22.653,8.584c-7.117,2.697 -11.835,9.543 -11.835,17.189l0,19.619l77.93,0\" style=\"fill:none;stroke:#2b2b2b;stroke-width:3px;\"\/><path d=\"M38.43,54.24c-0.007,4.245 -0.619,8.41 -2.448,12.411l14.348,10.468l14.341,-10.468c-1.829,-4.001 -2.441,-8.166 -2.448,-12.411\" style=\"fill:none;stroke:#2b2b2b;stroke-width:3px;\"\/><path d=\"M29.32,74.884l9.423,12.486l11.579,-10.25l11.572,10.25l0.968,-1.277\" style=\"fill:none;stroke:#2b2b2b;stroke-width:3px;\"\/><path d=\"M50.322,1.5c-14.938,0 -26.411,11.686 -26.411,27.849c0,2.22 0.228,3.931 0.662,6.215c0.413,2.198 1.238,4.252 3.174,5.296c1.943,1.048 3.509,2.702 4.533,4.656c3.993,7.629 10.583,14.795 18.042,14.795c7.459,0 14.056,-7.166 18.049,-14.795c1.018,-1.954 2.583,-3.608 4.526,-4.656c1.936,-1.045 2.761,-3.098 3.181,-5.296c0.434,-2.284 0.662,-3.995 0.662,-6.215c0,-16.163 -11.472,-27.849 -26.418,-27.849Z\" style=\"fill:none;stroke:#2b2b2b;stroke-width:3px;\"\/><path d=\"M42.686,16.032c0,0 6.725,15.073 28.375,12.796\" style=\"fill:none;stroke:#2b2b2b;stroke-width:3px;\"\/><path d=\"M44.373,18.764c0,0 -8.633,-0.184 -12.056,9.495\" style=\"fill:none;stroke:#2b2b2b;stroke-width:3px;\"\/><path d=\"M50.329,112.039l0,-27.568\" style=\"fill:none;stroke:#2b2b2b;stroke-width:3px;\"\/><path d=\"M96.241,51.71c15.529,-0.023 28.105,12.546 28.083,28.075c-0.021,15.528 -12.64,28.137 -28.169,28.16c-15.536,0.023 -28.105,-12.546 -28.083,-28.075c0.021,-15.529 12.633,-28.136 28.169,-28.16Z\" style=\"fill:none;stroke:#2b2b2b;stroke-width:3px;\"\/><path d=\"M89.48,107.945l-0.05,22.371l13.359,0.001l0.05,-22.371\" style=\"fill:none;stroke:#2b2b2b;stroke-width:3px;\"\/><\/svg>\n      <\/span>\n      <span class='bde-icon-list__text' >\n      Kreditor styring\n      <\/span>\n              <\/div>\n      \n    <\/li>\n\n  \n              \n    <li>\n              <div class='bde-icon-list__item-wrapper'>\n      \n      <span class='bde-icon-list__icon'>\n        <svg xmlns=\"http:\/\/www.w3.org\/2000\/svg\" xmlns:xlink=\"http:\/\/www.w3.org\/1999\/xlink\" xmlns:serif=\"http:\/\/www.serif.com\/\" width=\"100%\" height=\"100%\" viewBox=\"0 0 117 118\" version=\"1.1\" xml:space=\"preserve\" style=\"fill-rule:evenodd;clip-rule:evenodd;stroke-linecap:round;stroke-linejoin:round;stroke-miterlimit:2;\"><path d=\"M20.815,75.142l42.908,0\" style=\"fill:none;stroke:#2b2b2b;stroke-width:3px;\"\/><path d=\"M20.815,94.059l42.908,0\" style=\"fill:none;stroke:#2b2b2b;stroke-width:3px;\"\/><path d=\"M85.843,46.177c4.918,0 4.918,5.28 9.843,5.28c4.918,0 4.918,-5.28 9.843,-5.28c4.918,0 4.918,5.28 9.843,5.28l0,-34.116c0,-8.75 -7.096,-15.842 -15.842,-15.842c-0.071,0 -0.135,0.009 -0.199,0.01\" style=\"fill:none;stroke:#2b2b2b;stroke-width:3px;\"\/><path d=\"M39.711,26.524c-1.488,-1.174 -5.509,-2.52 -9.017,-2.085c-4.32,0.537 -6.548,3.834 -6.505,6.642c0.05,3.189 2.27,5.513 7.608,7.715c6.533,2.694 9.295,5.718 8.476,10.066c-0.512,2.699 -2.854,5.469 -8.007,5.711c-3.907,0.184 -7.935,-1.663 -10.021,-3.378\" style=\"fill:none;stroke:#2b2b2b;stroke-width:3px;\"\/><path d=\"M31.626,55.056l0,6.703\" style=\"fill:none;stroke:#2b2b2b;stroke-width:3px;\"\/><path d=\"M31.626,24.009l0,-6.649\" style=\"fill:none;stroke:#2b2b2b;stroke-width:3px;\"\/><path d=\"M84.427,116.343l0,-97.486c0,-10.512 6.654,-17.241 14.903,-17.347l-0.007,-0.01l-82.727,0c-8.341,0 -15.095,6.76 -15.095,15.099l0,99.744l82.927,0Z\" style=\"fill:none;stroke:#2b2b2b;stroke-width:3px;\"\/><\/svg>\n      <\/span>\n      <span class='bde-icon-list__text' >\n      L\u00f8nh\u00e5ndtering\n      <\/span>\n              <\/div>\n      \n    <\/li>\n\n  \n              \n    <li>\n              <div class='bde-icon-list__item-wrapper'>\n      \n      <span class='bde-icon-list__icon'>\n        <svg xmlns=\"http:\/\/www.w3.org\/2000\/svg\" xmlns:xlink=\"http:\/\/www.w3.org\/1999\/xlink\" xmlns:serif=\"http:\/\/www.serif.com\/\" width=\"100%\" height=\"100%\" viewBox=\"0 0 120 129\" version=\"1.1\" xml:space=\"preserve\" style=\"fill-rule:evenodd;clip-rule:evenodd;stroke-linecap:round;stroke-linejoin:round;stroke-miterlimit:2;\"><path d=\"M92.611,57.567l0,-31.741l-24.304,-24.326l-66.807,0l0,108.177l58.352,0\" style=\"fill:none;stroke:#2b2b2b;stroke-width:3px;\"\/><path d=\"M92.611,26.226l-24.625,0l0,-24.726\" style=\"fill:none;stroke:#2b2b2b;stroke-width:3px;\"\/><path d=\"M69.388,57.581l0,-10.17\" style=\"fill:none;stroke:#2b2b2b;stroke-width:3px;\"\/><path d=\"M54.5,74.824l0,-41.404\" style=\"fill:none;stroke:#2b2b2b;stroke-width:3px;\"\/><path d=\"M39.611,74.824l0,-27.413\" style=\"fill:none;stroke:#2b2b2b;stroke-width:3px;\"\/><path d=\"M24.715,74.824l0,-14.395\" style=\"fill:none;stroke:#2b2b2b;stroke-width:3px;\"\/><path d=\"M59.852,83.652l-40.41,0\" style=\"fill:none;stroke:#2b2b2b;stroke-width:3px;\"\/><path d=\"M113.528,127.311l-43.662,0c-2.384,0 -4.32,-1.933 -4.32,-4.317l0,-55.419c0,-2.383 1.936,-4.316 4.32,-4.316l43.662,0c2.384,0 4.32,1.933 4.32,4.316l0,55.419c0,2.384 -1.936,4.317 -4.32,4.317Z\" style=\"fill:none;stroke:#2b2b2b;stroke-width:3px;\"\/><path d=\"M105.749,87.3l-28.105,0c-1.359,0 -2.462,-1.102 -2.462,-2.46l0,-7.696c0,-1.359 1.103,-2.46 2.462,-2.46l28.105,0c1.359,0 2.462,1.101 2.462,2.46l0,7.696c0,1.359 -1.103,2.46 -2.462,2.46Z\" style=\"fill:none;stroke:#2b2b2b;stroke-width:3px;\"\/><\/svg>\n      <\/span>\n      <span class='bde-icon-list__text' >\n      Moms\n      <\/span>\n              <\/div>\n      \n    <\/li>\n\n  <\/ul>\n\n<\/div>\n<\/div><div class=\"bde-div-175-122 bde-div\">\n  \n  \n\t\n\n\n\n<div class=\"bde-rich-text-175-120 bde-rich-text breakdance-rich-text-styles\">\n<p data-start=\"132\" data-end=\"320\">\u00d8nsker du mere struktur, overblik og tid til det, der virkelig betyder noget for din forretning, st\u00e5r jeg klar til at hj\u00e6lpe. Sammen finder vi en l\u00f8sning, der passer pr\u00e6cis til dine behov.<\/p><p data-start=\"322\" data-end=\"446\"><strong>Kontakt mig gerne for en uforpligtende samtale, og lad os tage en snak om, hvordan Kontor-Assistancen kan lette din hverdag.<br \/><br \/><\/strong><\/p><p data-start=\"448\" data-end=\"537\"><em>Med venlig hilsen<\/em><br data-start=\"465\" data-end=\"468\" \/><strong data-start=\"468\" data-end=\"485\">Lea W\u00e4rnstr\u00f8m<\/strong><\/p>\n<\/div><div class=\"bde-icon-list-175-121 bde-icon-list\">\n<ul>\n  \n              \n    <li>\n                      \n            \n            \n\n    \n    \n    \n    \n    \n    <a class=\"breakdance-link bde-icon-list__item-wrapper\" href=\"tel:20 15 00 57\" target=\"_self\" data-type=\"url\"  >\n\n      \n      <span class='bde-icon-list__icon'>\n        <svg xmlns=\"http:\/\/www.w3.org\/2000\/svg\" id=\"icon-phone\" viewBox=\"0 0 32 32\">\n<path d=\"M22 20c-2 2-2 4-4 4s-4-2-6-4-4-4-4-6 2-2 4-4-4-8-6-8-6 6-6 6c0 4 4.109 12.109 8 16s12 8 16 8c0 0 6-4 6-6s-6-8-8-6z\"\/>\n<\/svg>\n      <\/span>\n      <span class='bde-icon-list__text' >\n      20 15 00 57\n      <\/span>\n                  <\/a>\n\n      \n    <\/li>\n\n  \n              \n    <li>\n                      \n            \n            \n\n    \n    \n    \n    \n    \n    <a class=\"breakdance-link bde-icon-list__item-wrapper\" href=\"mailto:info@kontor-assistancen.com\" target=\"_self\" data-type=\"url\"  >\n\n      \n      <span class='bde-icon-list__icon'>\n        <svg xmlns=\"http:\/\/www.w3.org\/2000\/svg\" viewBox=\"0 0 512 512\"><!--! Font Awesome Free 6.5.1 by @fontawesome - https:\/\/fontawesome.com License - https:\/\/fontawesome.com\/license\/free (Icons: CC BY 4.0, Fonts: SIL OFL 1.1, Code: MIT License) Copyright 2023 Fonticons, Inc. --><path d=\"M64 112c-8.8 0-16 7.2-16 16v22.1L220.5 291.7c20.7 17 50.4 17 71.1 0L464 150.1V128c0-8.8-7.2-16-16-16H64zM48 212.2V384c0 8.8 7.2 16 16 16H448c8.8 0 16-7.2 16-16V212.2L322 328.8c-38.4 31.5-93.7 31.5-132 0L48 212.2zM0 128C0 92.7 28.7 64 64 64H448c35.3 0 64 28.7 64 64V384c0 35.3-28.7 64-64 64H64c-35.3 0-64-28.7-64-64V128z\"\/><\/svg>\n      <\/span>\n      <span class='bde-icon-list__text' >\n      info@kontor-assistancen.com\n      <\/span>\n                  <\/a>\n\n      \n    <\/li>\n\n  <\/ul>\n\n<\/div>\n<\/div>\n<\/div><\/div>\n<\/section>","protected":false},"excerpt":{"rendered":"<p>KONTOR assistancen Tr\u00e6t af &#8220;kedelige&#8221; administrative opgaver? Administrative opgaver kan hurtigt vokse sig store og uoverskuelige og tage fokus v\u00e6k fra det, der skaber v\u00e6rdi i din forretning. Manglende overblik kan betyde, at fakturaer ikke bliver sendt til tiden, og at betalinger tr\u00e6kker ud. Samtidig kan forsinket h\u00e5ndtering af kreditorregninger f\u00f8re til un\u00f8dvendige renter og [&hellip;]<\/p>\n","protected":false},"author":1,"featured_media":0,"parent":0,"menu_order":0,"comment_status":"closed","ping_status":"closed","template":"","meta":{"_breakdance_hide_in_design_set":false,"_breakdance_tags":"","footnotes":""},"class_list":["post-175","page","type-page","status-publish","hentry"],"_links":{"self":[{"href":"https:\/\/www.kontor-assistancen.dk\/index.php\/wp-json\/wp\/v2\/pages\/175","targetHints":{"allow":["GET"]}}],"collection":[{"href":"https:\/\/www.kontor-assistancen.dk\/index.php\/wp-json\/wp\/v2\/pages"}],"about":[{"href":"https:\/\/www.kontor-assistancen.dk\/index.php\/wp-json\/wp\/v2\/types\/page"}],"author":[{"embeddable":true,"href":"https:\/\/www.kontor-assistancen.dk\/index.php\/wp-json\/wp\/v2\/users\/1"}],"replies":[{"embeddable":true,"href":"https:\/\/www.kontor-assistancen.dk\/index.php\/wp-json\/wp\/v2\/comments?post=175"}],"version-history":[{"count":8,"href":"https:\/\/www.kontor-assistancen.dk\/index.php\/wp-json\/wp\/v2\/pages\/175\/revisions"}],"predecessor-version":[{"id":184,"href":"https:\/\/www.kontor-assistancen.dk\/index.php\/wp-json\/wp\/v2\/pages\/175\/revisions\/184"}],"wp:attachment":[{"href":"https:\/\/www.kontor-assistancen.dk\/index.php\/wp-json\/wp\/v2\/media?parent=175"}],"curies":[{"name":"wp","href":"https:\/\/api.w.org\/{rel}","templated":true}]}}